{"id":66,"date":"2025-03-17T18:20:38","date_gmt":"2025-03-17T17:20:38","guid":{"rendered":"https:\/\/audacen.cz\/?page_id=66"},"modified":"2025-03-17T21:12:38","modified_gmt":"2025-03-17T20:12:38","slug":"home","status":"publish","type":"page","link":"https:\/\/audacen.cz\/","title":{"rendered":"Home"},"content":{"rendered":"\t\t<div data-elementor-type=\"wp-page\" data-elementor-id=\"66\" class=\"elementor elementor-66\" data-elementor-post-type=\"page\">\n\t\t\t\t<div class=\"elementor-element elementor-element-75986070 e-flex e-con-boxed e-con e-parent\" data-id=\"75986070\" data-element_type=\"container\">\n\t\t\t\t\t<div class=\"e-con-inner\">\n\t\t<div class=\"elementor-element elementor-element-63153654 e-con-full e-flex e-con e-child\" data-id=\"63153654\" data-element_type=\"container\">\n\t\t\t\t<div class=\"elementor-element elementor-element-1871becd elementor-widget elementor-widget-heading\" data-id=\"1871becd\" data-element_type=\"widget\" data-widget_type=\"heading.default\">\n\t\t\t\t<div class=\"elementor-widget-container\">\n\t\t\t\t\t<h1 class=\"elementor-heading-title elementor-size-default\">Outsourcing na m\u00edru<\/h1>\t\t\t\t<\/div>\n\t\t\t\t<\/div>\n\t\t\t\t<div class=\"elementor-element elementor-element-326d53de elementor-widget__width-initial elementor-widget-tablet__width-inherit elementor-widget elementor-widget-text-editor\" data-id=\"326d53de\" data-element_type=\"widget\" data-widget_type=\"text-editor.default\">\n\t\t\t\t<div class=\"elementor-widget-container\">\n\t\t\t\t\t\t\t\t\t<p>Nab\u00edz\u00edme outsourcing v\u00fdvoje aplikac\u00ed, poskytov\u00e1n\u00ed komplexn\u00edch slu\u017eeb v oblasti softwarov\u00e9ho v\u00fdvoje, bezpe\u010dnosti aplikac\u00ed a cloudov\u00fdch ekosyst\u00e9m\u016f.<\/p>\t\t\t\t\t\t\t\t<\/div>\n\t\t\t\t<\/div>\n\t\t\t\t<div class=\"elementor-element elementor-element-7545fc7d elementor-mobile-align-center elementor-widget elementor-widget-button\" data-id=\"7545fc7d\" data-element_type=\"widget\" data-widget_type=\"button.default\">\n\t\t\t\t<div class=\"elementor-widget-container\">\n\t\t\t\t\t\t\t\t\t<div class=\"elementor-button-wrapper\">\n\t\t\t\t\t<a class=\"elementor-button elementor-button-link elementor-size-sm\" href=\"mailto:info@audacen.cz\">\n\t\t\t\t\t\t<span class=\"elementor-button-content-wrapper\">\n\t\t\t\t\t\t\t\t\t<span class=\"elementor-button-text\">Kontaktujte n\u00e1s<\/span>\n\t\t\t\t\t<\/span>\n\t\t\t\t\t<\/a>\n\t\t\t\t<\/div>\n\t\t\t\t\t\t\t\t<\/div>\n\t\t\t\t<\/div>\n\t\t\t\t<\/div>\n\t\t<div class=\"elementor-element elementor-element-189e6f09 e-con-full e-flex e-con e-child\" data-id=\"189e6f09\" data-element_type=\"container\" data-settings=\"{&quot;background_background&quot;:&quot;classic&quot;,&quot;background_motion_fx_motion_fx_scrolling&quot;:&quot;yes&quot;,&quot;background_motion_fx_opacity_effect&quot;:&quot;yes&quot;,&quot;background_motion_fx_opacity_level&quot;:{&quot;unit&quot;:&quot;px&quot;,&quot;size&quot;:&quot;7&quot;,&quot;sizes&quot;:[]},&quot;background_motion_fx_opacity_range&quot;:{&quot;unit&quot;:&quot;%&quot;,&quot;size&quot;:&quot;&quot;,&quot;sizes&quot;:{&quot;start&quot;:&quot;0&quot;,&quot;end&quot;:&quot;100&quot;}},&quot;background_motion_fx_opacity_direction&quot;:&quot;out-in&quot;,&quot;background_motion_fx_devices&quot;:[&quot;desktop&quot;,&quot;tablet&quot;,&quot;mobile&quot;]}\">\n\t\t\t\t<div class=\"elementor-element elementor-element-35346a90 elementor-align-right elementor-widget elementor-widget-lottie\" data-id=\"35346a90\" data-element_type=\"widget\" data-settings=\"{&quot;source_json&quot;:{&quot;url&quot;:&quot;https:\\\/\\\/audacen.cz\\\/wp-content\\\/uploads\\\/2025\\\/03\\\/home-page-hero-lotti2.json&quot;,&quot;id&quot;:67,&quot;size&quot;:&quot;&quot;},&quot;loop&quot;:&quot;yes&quot;,&quot;play_speed&quot;:{&quot;unit&quot;:&quot;px&quot;,&quot;size&quot;:&quot;1.5&quot;,&quot;sizes&quot;:[]},&quot;lazyload&quot;:&quot;yes&quot;,&quot;source&quot;:&quot;media_file&quot;,&quot;caption_source&quot;:&quot;none&quot;,&quot;link_to&quot;:&quot;none&quot;,&quot;trigger&quot;:&quot;arriving_to_viewport&quot;,&quot;viewport&quot;:{&quot;unit&quot;:&quot;%&quot;,&quot;size&quot;:&quot;&quot;,&quot;sizes&quot;:{&quot;start&quot;:0,&quot;end&quot;:100}},&quot;start_point&quot;:{&quot;unit&quot;:&quot;%&quot;,&quot;size&quot;:0,&quot;sizes&quot;:[]},&quot;end_point&quot;:{&quot;unit&quot;:&quot;%&quot;,&quot;size&quot;:100,&quot;sizes&quot;:[]},&quot;renderer&quot;:&quot;svg&quot;}\" data-widget_type=\"lottie.default\">\n\t\t\t\t<div class=\"elementor-widget-container\">\n\t\t\t\t\t<div class=\"e-lottie__container\"><div class=\"e-lottie__animation\"><\/div><\/div>\t\t\t\t<\/div>\n\t\t\t\t<\/div>\n\t\t\t\t<\/div>\n\t\t\t\t\t<\/div>\n\t\t\t\t<\/div>\n\t\t<div class=\"elementor-element elementor-element-46c8e4c9 e-flex e-con-boxed e-con e-parent\" data-id=\"46c8e4c9\" data-element_type=\"container\">\n\t\t\t\t\t<div class=\"e-con-inner\">\n\t\t<div class=\"elementor-element elementor-element-1cad9abc e-con-full e-flex e-con e-child\" data-id=\"1cad9abc\" data-element_type=\"container\">\n\t\t\t\t<div class=\"elementor-element elementor-element-358de774 elementor-widget elementor-widget-heading\" data-id=\"358de774\" data-element_type=\"widget\" data-widget_type=\"heading.default\">\n\t\t\t\t<div class=\"elementor-widget-container\">\n\t\t\t\t\t<h3 class=\"elementor-heading-title elementor-size-default\">Zak\u00e1zkov\u00fd v\u00fdvoj<\/h3>\t\t\t\t<\/div>\n\t\t\t\t<\/div>\n\t\t\t\t<div class=\"elementor-element elementor-element-6b243121 elementor-widget elementor-widget-text-editor\" data-id=\"6b243121\" data-element_type=\"widget\" data-widget_type=\"text-editor.default\">\n\t\t\t\t<div class=\"elementor-widget-container\">\n\t\t\t\t\t\t\t\t\t<p>Vyv\u00edj\u00edme zak\u00e1zkov\u00e9 aplikace na m\u00edru, postaven\u00e9 na modern\u00edch technologi\u00edch a osv\u011bd\u010den\u00fdch postupech. Na\u0161e \u0159e\u0161en\u00ed jsou efektivn\u00ed, flexibiln\u00ed a p\u0159izp\u016fsoben\u00e1 va\u0161im pot\u0159eb\u00e1m.<\/p>\t\t\t\t\t\t\t\t<\/div>\n\t\t\t\t<\/div>\n\t\t\t\t<\/div>\n\t\t<div class=\"elementor-element elementor-element-8c75e8e e-con-full e-flex e-con e-child\" data-id=\"8c75e8e\" data-element_type=\"container\">\n\t\t\t\t<div class=\"elementor-element elementor-element-c5da4b2 elementor-widget elementor-widget-heading\" data-id=\"c5da4b2\" data-element_type=\"widget\" data-widget_type=\"heading.default\">\n\t\t\t\t<div class=\"elementor-widget-container\">\n\t\t\t\t\t<h3 class=\"elementor-heading-title elementor-size-default\">Outsourcing<\/h3>\t\t\t\t<\/div>\n\t\t\t\t<\/div>\n\t\t\t\t<div class=\"elementor-element elementor-element-d6958d2 elementor-widget elementor-widget-text-editor\" data-id=\"d6958d2\" data-element_type=\"widget\" data-widget_type=\"text-editor.default\">\n\t\t\t\t<div class=\"elementor-widget-container\">\n\t\t\t\t\t\t\t\t\t<p>Nab\u00edz\u00edme outsourcing v\u00fdvoje aplikac\u00ed, kter\u00fd v\u00e1m umo\u017en\u00ed soust\u0159edit se na r\u016fst va\u0161eho byznysu. Na\u0161i experti zajist\u00ed rychl\u00fd a kvalitn\u00ed v\u00fdvoj aplikac\u00ed podle va\u0161ich po\u017eadavk\u016f.<\/p>\t\t\t\t\t\t\t\t<\/div>\n\t\t\t\t<\/div>\n\t\t\t\t<\/div>\n\t\t<div class=\"elementor-element elementor-element-bd32139 e-con-full e-flex e-con e-child\" data-id=\"bd32139\" data-element_type=\"container\">\n\t\t\t\t<div class=\"elementor-element elementor-element-c44d084 elementor-widget elementor-widget-heading\" data-id=\"c44d084\" data-element_type=\"widget\" data-widget_type=\"heading.default\">\n\t\t\t\t<div class=\"elementor-widget-container\">\n\t\t\t\t\t<h3 class=\"elementor-heading-title elementor-size-default\">Bezpe\u010dnost<\/h3>\t\t\t\t<\/div>\n\t\t\t\t<\/div>\n\t\t\t\t<div class=\"elementor-element elementor-element-d0f1754 elementor-widget elementor-widget-text-editor\" data-id=\"d0f1754\" data-element_type=\"widget\" data-widget_type=\"text-editor.default\">\n\t\t\t\t<div class=\"elementor-widget-container\">\n\t\t\t\t\t\t\t\t\t<p>Na\u0161i odborn\u00edci v oblasti kybernetick\u00e9 bezpe\u010dnosti v\u00e1m pom\u016f\u017eou implementovat nejlep\u0161\u00ed praktiky a technologie pro ochranu p\u0159ed hrozbami a zaji\u0161t\u011bn\u00ed integrity va\u0161ich syst\u00e9m\u016f.<\/p>\t\t\t\t\t\t\t\t<\/div>\n\t\t\t\t<\/div>\n\t\t\t\t<\/div>\n\t\t\t\t\t<\/div>\n\t\t\t\t<\/div>\n\t\t<div class=\"elementor-element elementor-element-53bdc47b e-flex e-con-boxed e-con e-parent\" data-id=\"53bdc47b\" data-element_type=\"container\">\n\t\t\t\t\t<div class=\"e-con-inner\">\n\t\t<div class=\"elementor-element elementor-element-3a234a7b e-con-full e-flex e-con e-child\" data-id=\"3a234a7b\" data-element_type=\"container\" data-settings=\"{&quot;background_background&quot;:&quot;classic&quot;}\">\n\t\t\t\t<div class=\"elementor-element elementor-element-53f05df elementor-widget elementor-widget-image\" data-id=\"53f05df\" data-element_type=\"widget\" data-widget_type=\"image.default\">\n\t\t\t\t<div class=\"elementor-widget-container\">\n\t\t\t\t\t\t\t\t\t\t\t\t\t\t\t<img fetchpriority=\"high\" decoding=\"async\" width=\"1405\" height=\"1405\" src=\"https:\/\/audacen.cz\/wp-content\/uploads\/2025\/03\/All-Of-Your-Computer-Needs_ilus.png\" class=\"attachment-full size-full wp-image-69\" alt=\"\" srcset=\"https:\/\/audacen.cz\/wp-content\/uploads\/2025\/03\/All-Of-Your-Computer-Needs_ilus.png 1405w, https:\/\/audacen.cz\/wp-content\/uploads\/2025\/03\/All-Of-Your-Computer-Needs_ilus-300x300.png 300w, https:\/\/audacen.cz\/wp-content\/uploads\/2025\/03\/All-Of-Your-Computer-Needs_ilus-1024x1024.png 1024w, https:\/\/audacen.cz\/wp-content\/uploads\/2025\/03\/All-Of-Your-Computer-Needs_ilus-150x150.png 150w, https:\/\/audacen.cz\/wp-content\/uploads\/2025\/03\/All-Of-Your-Computer-Needs_ilus-768x768.png 768w\" sizes=\"(max-width: 1405px) 100vw, 1405px\" \/>\t\t\t\t\t\t\t\t\t\t\t\t\t\t\t<\/div>\n\t\t\t\t<\/div>\n\t\t\t\t<\/div>\n\t\t<div class=\"elementor-element elementor-element-2888951f e-con-full e-flex e-con e-child\" data-id=\"2888951f\" data-element_type=\"container\" data-settings=\"{&quot;background_background&quot;:&quot;classic&quot;}\">\n\t\t\t\t<div class=\"elementor-element elementor-element-406db8c0 elementor-widget elementor-widget-heading\" data-id=\"406db8c0\" data-element_type=\"widget\" data-widget_type=\"heading.default\">\n\t\t\t\t<div class=\"elementor-widget-container\">\n\t\t\t\t\t<h2 class=\"elementor-heading-title elementor-size-default\">Vy \u0159e\u0161te byznys, my vy\u0159e\u0161\u00edme IT<\/h2>\t\t\t\t<\/div>\n\t\t\t\t<\/div>\n\t\t\t\t<div class=\"elementor-element elementor-element-68a1fe36 elementor-widget elementor-widget-text-editor\" data-id=\"68a1fe36\" data-element_type=\"widget\" data-widget_type=\"text-editor.default\">\n\t\t\t\t<div class=\"elementor-widget-container\">\n\t\t\t\t\t\t\t\t\t<p>Soust\u0159e\u010fte se na r\u016fst a rozvoj va\u0161eho byznysu, zat\u00edmco my se postar\u00e1me o va\u0161e IT pot\u0159eby. A\u0165 u\u017e jde o v\u00fdvoj aplikac\u00ed, spr\u00e1vu infrastruktury nebo zaji\u0161t\u011bn\u00ed kybernetick\u00e9 bezpe\u010dnosti, na\u0161i odborn\u00edci v\u00e1m poskytnou efektivn\u00ed a spolehliv\u00e1 \u0159e\u0161en\u00ed. D\u00edky na\u0161emu t\u00fdmu se m\u016f\u017eete soust\u0159edit na to, co je pro v\u00e1s skute\u010dn\u011b d\u016fle\u017eit\u00e9, a my zajist\u00edme, \u017ee va\u0161e technologie budou v\u017edy fungovat na maximum.<\/p>\t\t\t\t\t\t\t\t<\/div>\n\t\t\t\t<\/div>\n\t\t\t\t<div class=\"elementor-element elementor-element-5e64f459 elementor-mobile-align-center elementor-hidden-desktop elementor-hidden-tablet elementor-hidden-mobile elementor-widget elementor-widget-button\" data-id=\"5e64f459\" data-element_type=\"widget\" data-widget_type=\"button.default\">\n\t\t\t\t<div class=\"elementor-widget-container\">\n\t\t\t\t\t\t\t\t\t<div class=\"elementor-button-wrapper\">\n\t\t\t\t\t<a class=\"elementor-button elementor-size-sm\" role=\"button\">\n\t\t\t\t\t\t<span class=\"elementor-button-content-wrapper\">\n\t\t\t\t\t\t\t\t\t<span class=\"elementor-button-text\">Poskytovan\u00e9 slu\u017eby<\/span>\n\t\t\t\t\t<\/span>\n\t\t\t\t\t<\/a>\n\t\t\t\t<\/div>\n\t\t\t\t\t\t\t\t<\/div>\n\t\t\t\t<\/div>\n\t\t\t\t<\/div>\n\t\t\t\t\t<\/div>\n\t\t\t\t<\/div>\n\t\t\t\t<\/div>\n\t\t","protected":false},"excerpt":{"rendered":"<p>Outsourcing na m\u00edru Nab\u00edz\u00edme outsourcing v\u00fdvoje aplikac\u00ed, poskytov\u00e1n\u00ed komplexn\u00edch slu\u017eeb v oblasti softwarov\u00e9ho v\u00fdvoje, bezpe\u010dnosti aplikac\u00ed a cloudov\u00fdch ekosyst\u00e9m\u016f. Kontaktujte n\u00e1s Zak\u00e1zkov\u00fd v\u00fdvoj Vyv\u00edj\u00edme zak\u00e1zkov\u00e9 aplikace na m\u00edru, postaven\u00e9 na modern\u00edch technologi\u00edch a osv\u011bd\u010den\u00fdch postupech. Na\u0161e \u0159e\u0161en\u00ed jsou efektivn\u00ed, flexibiln\u00ed a p\u0159izp\u016fsoben\u00e1 va\u0161im pot\u0159eb\u00e1m. Outsourcing Nab\u00edz\u00edme outsourcing v\u00fdvoje aplikac\u00ed, kter\u00fd v\u00e1m umo\u017en\u00ed soust\u0159edit se na [&hellip;]<\/p>\n","protected":false},"author":1,"featured_media":0,"parent":0,"menu_order":0,"comment_status":"closed","ping_status":"closed","template":"elementor_header_footer","meta":{"footnotes":""},"class_list":["post-66","page","type-page","status-publish","hentry"],"_links":{"self":[{"href":"https:\/\/audacen.cz\/index.php?rest_route=\/wp\/v2\/pages\/66","targetHints":{"allow":["GET"]}}],"collection":[{"href":"https:\/\/audacen.cz\/index.php?rest_route=\/wp\/v2\/pages"}],"about":[{"href":"https:\/\/audacen.cz\/index.php?rest_route=\/wp\/v2\/types\/page"}],"author":[{"embeddable":true,"href":"https:\/\/audacen.cz\/index.php?rest_route=\/wp\/v2\/users\/1"}],"replies":[{"embeddable":true,"href":"https:\/\/audacen.cz\/index.php?rest_route=%2Fwp%2Fv2%2Fcomments&post=66"}],"version-history":[{"count":31,"href":"https:\/\/audacen.cz\/index.php?rest_route=\/wp\/v2\/pages\/66\/revisions"}],"predecessor-version":[{"id":164,"href":"https:\/\/audacen.cz\/index.php?rest_route=\/wp\/v2\/pages\/66\/revisions\/164"}],"wp:attachment":[{"href":"https:\/\/audacen.cz\/index.php?rest_route=%2Fwp%2Fv2%2Fmedia&parent=66"}],"curies":[{"name":"wp","href":"https:\/\/api.w.org\/{rel}","templated":true}]}}